{"id":21,"date":"2024-04-20T14:45:58","date_gmt":"2024-04-20T14:45:58","guid":{"rendered":"https:\/\/luftfahrtruppen.at\/?page_id=21"},"modified":"2024-09-18T09:19:06","modified_gmt":"2024-09-18T09:19:06","slug":"die-herausgeber","status":"publish","type":"page","link":"https:\/\/luftfahrtruppen.at\/?page_id=21","title":{"rendered":"Die Herausgeber"},"content":{"rendered":"\n<div class=\"wp-block-group alignfull has-global-padding is-layout-constrained wp-container-core-group-is-layout-669513ed wp-block-group-is-layout-constrained\" style=\"margin-top:0;margin-bottom:0;padding-top:var(--wp--preset--spacing--50);padding-right:var(--wp--preset--spacing--50);padding-bottom:var(--wp--preset--spacing--50);padding-left:var(--wp--preset--spacing--50)\">\n<div class=\"wp-block-group is-vertical is-content-justification-center is-layout-flex wp-container-core-group-is-layout-ce155fab wp-block-group-is-layout-flex\">\n<p class=\"has-text-align-center\"><\/p>\n<\/div>\n\n\n\n<div class=\"wp-block-columns alignwide is-layout-flex wp-container-core-columns-is-layout-4935966c wp-block-columns-is-layout-flex\" style=\"padding-right:0;padding-left:0\">\n<div class=\"wp-block-column is-layout-flow wp-block-column-is-layout-flow\">\n<figure class=\"wp-block-image size-full is-style-rounded is-style-rounded--1\"><img loading=\"lazy\" decoding=\"async\" width=\"2000\" height=\"1500\" src=\"https:\/\/luftfahrtruppen.at\/wp-content\/uploads\/2024\/09\/IMG-20220921-WA0013.jpg\" alt=\"\" class=\"wp-image-78\" style=\"aspect-ratio:1;object-fit:cover\" srcset=\"https:\/\/luftfahrtruppen.at\/wp-content\/uploads\/2024\/09\/IMG-20220921-WA0013.jpg 2000w, https:\/\/luftfahrtruppen.at\/wp-content\/uploads\/2024\/09\/IMG-20220921-WA0013-300x225.jpg 300w, https:\/\/luftfahrtruppen.at\/wp-content\/uploads\/2024\/09\/IMG-20220921-WA0013-1024x768.jpg 1024w, https:\/\/luftfahrtruppen.at\/wp-content\/uploads\/2024\/09\/IMG-20220921-WA0013-768x576.jpg 768w, https:\/\/luftfahrtruppen.at\/wp-content\/uploads\/2024\/09\/IMG-20220921-WA0013-1536x1152.jpg 1536w\" sizes=\"auto, (max-width: 2000px) 100vw, 2000px\" \/><\/figure>\n\n\n\n<div class=\"wp-block-group is-vertical is-content-justification-center is-nowrap is-layout-flex wp-container-core-group-is-layout-21d4e958 wp-block-group-is-layout-flex\">\n<p class=\"has-text-align-center has-small-font-size\"><strong>Thomas Albrich<\/strong><\/p>\n\n\n\n<p class=\"has-text-align-center has-small-font-size\">ao. Universit\u00e4tsprofessor i. R. am Institut f\u00fcr Zeitgeschichte der Universit\u00e4t Innsbruck<\/p>\n\n\n\n<p><\/p>\n<\/div>\n<\/div>\n\n\n\n<div class=\"wp-block-column is-layout-flow wp-block-column-is-layout-flow\">\n<figure class=\"wp-block-image size-full is-style-rounded is-style-rounded--2\"><img loading=\"lazy\" decoding=\"async\" width=\"1341\" height=\"1546\" src=\"https:\/\/luftfahrtruppen.at\/wp-content\/uploads\/2024\/05\/Photo_Hagen.jpg\" alt=\"\" class=\"wp-image-47\" style=\"aspect-ratio:1;object-fit:cover\" srcset=\"https:\/\/luftfahrtruppen.at\/wp-content\/uploads\/2024\/05\/Photo_Hagen.jpg 1341w, https:\/\/luftfahrtruppen.at\/wp-content\/uploads\/2024\/05\/Photo_Hagen-260x300.jpg 260w, https:\/\/luftfahrtruppen.at\/wp-content\/uploads\/2024\/05\/Photo_Hagen-888x1024.jpg 888w, https:\/\/luftfahrtruppen.at\/wp-content\/uploads\/2024\/05\/Photo_Hagen-768x885.jpg 768w, https:\/\/luftfahrtruppen.at\/wp-content\/uploads\/2024\/05\/Photo_Hagen-1332x1536.jpg 1332w\" sizes=\"auto, (max-width: 1341px) 100vw, 1341px\" \/><\/figure>\n\n\n\n<div class=\"wp-block-group is-vertical is-content-justification-center is-nowrap is-layout-flex wp-container-core-group-is-layout-63bfd6c1 wp-block-group-is-layout-flex\">\n<p class=\"has-text-align-center has-small-font-size\"><strong>Nikolaus Hagen<\/strong><\/p>\n\n\n\n<p class=\"has-text-align-center has-small-font-size\">Assistenzprofessor am Institut f\u00fcr Zeitgeschichte der Universit\u00e4t Innsbruck<\/p>\n<\/div>\n<\/div>\n\n\n\n<div class=\"wp-block-column is-layout-flow wp-block-column-is-layout-flow\">\n<figure class=\"wp-block-image size-full is-style-rounded is-style-rounded--3\"><img loading=\"lazy\" decoding=\"async\" width=\"1574\" height=\"2098\" src=\"https:\/\/luftfahrtruppen.at\/wp-content\/uploads\/2024\/05\/stachniss.jpg\" alt=\"\" class=\"wp-image-45\" style=\"aspect-ratio:1;object-fit:cover\" srcset=\"https:\/\/luftfahrtruppen.at\/wp-content\/uploads\/2024\/05\/stachniss.jpg 1574w, https:\/\/luftfahrtruppen.at\/wp-content\/uploads\/2024\/05\/stachniss-225x300.jpg 225w, https:\/\/luftfahrtruppen.at\/wp-content\/uploads\/2024\/05\/stachniss-768x1024.jpg 768w, https:\/\/luftfahrtruppen.at\/wp-content\/uploads\/2024\/05\/stachniss-1152x1536.jpg 1152w, https:\/\/luftfahrtruppen.at\/wp-content\/uploads\/2024\/05\/stachniss-1536x2048.jpg 1536w\" sizes=\"auto, (max-width: 1574px) 100vw, 1574px\" \/><\/figure>\n\n\n\n<div class=\"wp-block-group is-vertical is-content-justification-center is-nowrap is-layout-flex wp-container-core-group-is-layout-63bfd6c1 wp-block-group-is-layout-flex\">\n<p class=\"has-text-align-center has-small-font-size\"><strong>Stefan Stachni\u00df<\/strong><\/p>\n\n\n\n<p class=\"has-text-align-center has-small-font-size\">Archivar am Stadtarchiv Bludenz<\/p>\n<\/div>\n<\/div>\n<\/div>\n<\/div>\n","protected":false},"excerpt":{"rendered":"<p>Thomas Albrich ao. Universit\u00e4tsprofessor i. R. am Institut f\u00fcr Zeitgeschichte der Universit\u00e4t Innsbruck Nikolaus Hagen Assistenzprofessor am Institut f\u00fcr Zeitgeschichte der Universit\u00e4t Innsbruck Stefan Stachni\u00df Archivar am Stadtarchiv Bludenz<\/p>\n","protected":false},"author":1,"featured_media":0,"parent":0,"menu_order":0,"comment_status":"closed","ping_status":"closed","template":"","meta":{"footnotes":""},"class_list":["post-21","page","type-page","status-publish","hentry"],"_links":{"self":[{"href":"https:\/\/luftfahrtruppen.at\/index.php?rest_route=\/wp\/v2\/pages\/21","targetHints":{"allow":["GET"]}}],"collection":[{"href":"https:\/\/luftfahrtruppen.at\/index.php?rest_route=\/wp\/v2\/pages"}],"about":[{"href":"https:\/\/luftfahrtruppen.at\/index.php?rest_route=\/wp\/v2\/types\/page"}],"author":[{"embeddable":true,"href":"https:\/\/luftfahrtruppen.at\/index.php?rest_route=\/wp\/v2\/users\/1"}],"replies":[{"embeddable":true,"href":"https:\/\/luftfahrtruppen.at\/index.php?rest_route=%2Fwp%2Fv2%2Fcomments&post=21"}],"version-history":[{"count":4,"href":"https:\/\/luftfahrtruppen.at\/index.php?rest_route=\/wp\/v2\/pages\/21\/revisions"}],"predecessor-version":[{"id":79,"href":"https:\/\/luftfahrtruppen.at\/index.php?rest_route=\/wp\/v2\/pages\/21\/revisions\/79"}],"wp:attachment":[{"href":"https:\/\/luftfahrtruppen.at\/index.php?rest_route=%2Fwp%2Fv2%2Fmedia&parent=21"}],"curies":[{"name":"wp","href":"https:\/\/api.w.org\/{rel}","templated":true}]}}