{"id":15,"date":"2024-04-20T14:37:13","date_gmt":"2024-04-20T14:37:13","guid":{"rendered":"https:\/\/luftfahrtruppen.at\/?page_id=15"},"modified":"2025-03-27T09:05:39","modified_gmt":"2025-03-27T09:05:39","slug":"buchreihe","status":"publish","type":"page","link":"https:\/\/luftfahrtruppen.at\/?page_id=15","title":{"rendered":"Die Buchreihe"},"content":{"rendered":"\n<p class=\"has-medium-font-size\" style=\"margin-top:0;margin-right:0;margin-bottom:0;margin-left:0\">Diese mehrb\u00e4ndige biografische Darstellung der Mitglieder der k.u.k. Luftfahrtruppen aus dem historischen Tirol, das aus den heutigen L\u00e4ndern Tirol, S\u00fcdtirol, Trentino und Vorarlberg bestand, schlie\u00dft eine gro\u00dfe Forschungsl\u00fccke zum Ersten Weltkrieg. Diese Region war nicht nur ein Schauplatz des Luftkrieges, sondern M\u00e4nner aus diesem Kronland dienten in den \u00f6sterreichisch-ungarischen Luftstreitkr\u00e4ften an allen Kriegsschaupl\u00e4tzen. Die meisten von ihnen \u2014 darunter zahlreiche Pioniere des Flugwesens \u2014 waren bislang v\u00f6llig unbekannt.<\/p>\n\n\n\n<p><\/p>\n\n\n\n<div class=\"wp-block-group alignfull has-base-2-background-color has-background has-global-padding is-layout-constrained wp-container-core-group-is-layout-669513ed wp-block-group-is-layout-constrained\" style=\"margin-top:0;margin-bottom:0;padding-top:var(--wp--preset--spacing--50);padding-right:var(--wp--preset--spacing--50);padding-bottom:var(--wp--preset--spacing--50);padding-left:var(--wp--preset--spacing--50)\">\n<div class=\"wp-block-columns alignwide is-layout-flex wp-container-core-columns-is-layout-1da03c2a wp-block-columns-is-layout-flex\">\n<div class=\"wp-block-column is-vertically-aligned-stretch is-layout-flow wp-block-column-is-layout-flow\" style=\"flex-basis:50%\">\n<div class=\"wp-block-group is-vertical is-content-justification-stretch is-layout-flex wp-container-core-group-is-layout-444d5ee8 wp-block-group-is-layout-flex\" style=\"min-height:100%\">\n<p class=\"has-heading-font-family has-x-large-font-size\" style=\"line-height:1.2\">Im ersten Band stehen die Pioniere der Luftfahrt aus der Region \u2014 Ballonfahrer wie Heinrich von Ficker oder fr\u00fche Motorflieger wie Raoul Stoisavljevic \u2014 im Mittelpunkt, die bis Ende 1915 zu den Luftfahrtruppen stie\u00dfen. <\/p>\n\n\n\n<div class=\"wp-block-group has-global-padding is-content-justification-left is-layout-constrained wp-container-core-group-is-layout-9fe8ed88 wp-block-group-is-layout-constrained\">\n<p class=\"wp-container-content-0733e5d0\">Band 1: Feldpiloten, Beobachteroffiziere und Ballonfahrer bis Ende 1915, erscheint im April 2024<\/p>\n\n\n\n<div class=\"wp-block-buttons is-layout-flex wp-block-buttons-is-layout-flex\">\n<div class=\"wp-block-button has-custom-font-size is-style-outline has-medium-font-size is-style-outline--1\"><a class=\"wp-block-button__link wp-element-button\" href=\"https:\/\/www.uvw.at\/produkt\/6578\/tiroler-und-vorarlberger-flieger-in-den-k-u-k-luftfahrtruppen-1914-bis-1918\/\">Zum Buch beim Universit\u00e4tsverlag Wagner<\/a><\/div>\n<\/div>\n<\/div>\n<\/div>\n<\/div>\n\n\n\n<div class=\"wp-block-column is-vertically-aligned-center is-layout-flow wp-block-column-is-layout-flow\" style=\"flex-basis:50%\">\n<figure class=\"wp-block-image size-large is-style-rounded is-style-rounded--2\"><img loading=\"lazy\" decoding=\"async\" width=\"684\" height=\"1024\" src=\"https:\/\/luftfahrtruppen.at\/wp-content\/uploads\/2024\/04\/Flieger-aus-Tirol-und-Vorarlberg-in-den-k.u.k.-Luftfahrtruppen-Bd.-1-684x1024.jpg\" alt=\"\" class=\"wp-image-8\" style=\"aspect-ratio:3\/4;object-fit:cover\" srcset=\"https:\/\/luftfahrtruppen.at\/wp-content\/uploads\/2024\/04\/Flieger-aus-Tirol-und-Vorarlberg-in-den-k.u.k.-Luftfahrtruppen-Bd.-1-684x1024.jpg 684w, https:\/\/luftfahrtruppen.at\/wp-content\/uploads\/2024\/04\/Flieger-aus-Tirol-und-Vorarlberg-in-den-k.u.k.-Luftfahrtruppen-Bd.-1-201x300.jpg 201w, https:\/\/luftfahrtruppen.at\/wp-content\/uploads\/2024\/04\/Flieger-aus-Tirol-und-Vorarlberg-in-den-k.u.k.-Luftfahrtruppen-Bd.-1-768x1149.jpg 768w, https:\/\/luftfahrtruppen.at\/wp-content\/uploads\/2024\/04\/Flieger-aus-Tirol-und-Vorarlberg-in-den-k.u.k.-Luftfahrtruppen-Bd.-1.jpg 802w\" sizes=\"auto, (max-width: 684px) 100vw, 684px\" \/><\/figure>\n<\/div>\n<\/div>\n<\/div>\n\n\n\n<div class=\"wp-block-group alignfull has-global-padding is-layout-constrained wp-container-core-group-is-layout-669513ed wp-block-group-is-layout-constrained\" style=\"margin-top:0;margin-bottom:0;padding-top:var(--wp--preset--spacing--50);padding-right:var(--wp--preset--spacing--50);padding-bottom:var(--wp--preset--spacing--50);padding-left:var(--wp--preset--spacing--50)\">\n<div class=\"wp-block-columns alignwide is-layout-flex wp-container-core-columns-is-layout-1da03c2a wp-block-columns-is-layout-flex\">\n<div class=\"wp-block-column is-vertically-aligned-center is-layout-flow wp-block-column-is-layout-flow\" style=\"flex-basis:50%\">\n<figure class=\"wp-block-image size-large is-style-rounded is-style-rounded--3\"><img loading=\"lazy\" decoding=\"async\" width=\"684\" height=\"1024\" src=\"https:\/\/luftfahrtruppen.at\/wp-content\/uploads\/2024\/04\/Flieger-aus-Tirol-und-Vorarlberg-in-den-k.u.k.-Luftfahrtruppen-Bd.-2-684x1024.jpg\" alt=\"\" class=\"wp-image-9\" style=\"aspect-ratio:3\/4;object-fit:cover\" srcset=\"https:\/\/luftfahrtruppen.at\/wp-content\/uploads\/2024\/04\/Flieger-aus-Tirol-und-Vorarlberg-in-den-k.u.k.-Luftfahrtruppen-Bd.-2-684x1024.jpg 684w, https:\/\/luftfahrtruppen.at\/wp-content\/uploads\/2024\/04\/Flieger-aus-Tirol-und-Vorarlberg-in-den-k.u.k.-Luftfahrtruppen-Bd.-2-200x300.jpg 200w, https:\/\/luftfahrtruppen.at\/wp-content\/uploads\/2024\/04\/Flieger-aus-Tirol-und-Vorarlberg-in-den-k.u.k.-Luftfahrtruppen-Bd.-2-768x1149.jpg 768w, https:\/\/luftfahrtruppen.at\/wp-content\/uploads\/2024\/04\/Flieger-aus-Tirol-und-Vorarlberg-in-den-k.u.k.-Luftfahrtruppen-Bd.-2.jpg 900w\" sizes=\"auto, (max-width: 684px) 100vw, 684px\" \/><\/figure>\n<\/div>\n\n\n\n<div class=\"wp-block-column is-vertically-aligned-stretch is-layout-flow wp-block-column-is-layout-flow\" style=\"flex-basis:50%\">\n<div class=\"wp-block-group is-vertical is-content-justification-stretch is-layout-flex wp-container-core-group-is-layout-444d5ee8 wp-block-group-is-layout-flex\" style=\"min-height:100%\">\n<p class=\"has-heading-font-family has-x-large-font-size\" style=\"line-height:1.2\">Der zweite Band enth\u00e4lt \u00fcber 30 neue Biografien von Fliegern aus der Region, die bis Ende 1916 zu den Luftfahrtruppen stie\u00dfen. Darunter Wegbereiter der \u00f6sterreichischen Zivilluftfahrt wie Alfred von Eccher und Max Scho\u00dfleitner.<\/p>\n\n\n\n<div class=\"wp-block-group has-global-padding is-content-justification-left is-layout-constrained wp-container-core-group-is-layout-9fe8ed88 wp-block-group-is-layout-constrained\">\n<p class=\"wp-container-content-0733e5d0\">Band 2: Feldpiloten, Beobachteroffiziere und Ballonfahrer bis Ende 1916, erscheint im April 2024<\/p>\n\n\n\n<div class=\"wp-block-buttons is-layout-flex wp-block-buttons-is-layout-flex\">\n<div class=\"wp-block-button has-custom-font-size is-style-outline has-medium-font-size is-style-outline--4\"><a class=\"wp-block-button__link wp-element-button\" href=\"https:\/\/www.uvw.at\/produkt\/6634\/flieger-aus-tirol-und-vorarlberg-in-den-k-u-k-luftfahrtruppen-bd-2\/\">Zum Buch beim Universit\u00e4tsverlag Wagner<\/a><\/div>\n<\/div>\n<\/div>\n<\/div>\n<\/div>\n<\/div>\n<\/div>\n\n\n\n<div class=\"wp-block-group alignfull has-base-2-background-color has-background has-global-padding is-layout-constrained wp-container-core-group-is-layout-669513ed wp-block-group-is-layout-constrained\" style=\"margin-top:0;margin-bottom:0;padding-top:var(--wp--preset--spacing--50);padding-right:var(--wp--preset--spacing--50);padding-bottom:var(--wp--preset--spacing--50);padding-left:var(--wp--preset--spacing--50)\">\n<div class=\"wp-block-columns alignwide is-layout-flex wp-container-core-columns-is-layout-1da03c2a wp-block-columns-is-layout-flex\">\n<div class=\"wp-block-column is-vertically-aligned-stretch is-layout-flow wp-block-column-is-layout-flow\" style=\"flex-basis:50%\">\n<div class=\"wp-block-group is-vertical is-content-justification-stretch is-layout-flex wp-container-core-group-is-layout-444d5ee8 wp-block-group-is-layout-flex\" style=\"min-height:100%\">\n<p class=\"has-heading-font-family has-x-large-font-size\" style=\"line-height:1.2\">Der dritte Band widmet sich dem regional besonders bedeutsamen Kriegsjahr 1917. Mit 50 weiteren Biografien von Karl Scho\u00dfleitner bis Max Valier und zahlreichen bislang unbekannten Abbildungen.<\/p>\n\n\n\n<div class=\"wp-block-group has-global-padding is-content-justification-left is-layout-constrained wp-container-core-group-is-layout-9fe8ed88 wp-block-group-is-layout-constrained\">\n<p class=\"wp-container-content-0733e5d0\">Band 3: Feldpiloten, Beobachteroffiziere und Ballonfahrer bis Ende 1917, erscheint im April 2025<\/p>\n\n\n\n<div class=\"wp-block-buttons is-layout-flex wp-block-buttons-is-layout-flex\">\n<div class=\"wp-block-button has-custom-font-size is-style-outline has-medium-font-size is-style-outline--5\"><a class=\"wp-block-button__link wp-element-button\" href=\"https:\/\/www.uvw.at\/produkt\/6611\/flieger-aus-tirol-und-vorarlberg-in-den-k-u-k-luftfahrtruppen-bd-3\/\">Zum Buch beim Universit\u00e4tsverlag Wagner<\/a><\/div>\n<\/div>\n<\/div>\n<\/div>\n<\/div>\n\n\n\n<div class=\"wp-block-column is-vertically-aligned-center is-layout-flow wp-block-column-is-layout-flow\" style=\"flex-basis:50%\">\n<figure class=\"wp-block-image size-large is-style-rounded is-style-rounded--6\"><img loading=\"lazy\" decoding=\"async\" width=\"684\" height=\"1024\" src=\"https:\/\/luftfahrtruppen.at\/wp-content\/uploads\/2024\/10\/flieger-aus-tirol-und-vorarlberg-in-den-k-u-k-luftfahrttruppen-bd-3-gebundene-ausgabe-684x1024.webp\" alt=\"\" class=\"wp-image-83\" style=\"aspect-ratio:3\/4;object-fit:cover\" srcset=\"https:\/\/luftfahrtruppen.at\/wp-content\/uploads\/2024\/10\/flieger-aus-tirol-und-vorarlberg-in-den-k-u-k-luftfahrttruppen-bd-3-gebundene-ausgabe-684x1024.webp 684w, https:\/\/luftfahrtruppen.at\/wp-content\/uploads\/2024\/10\/flieger-aus-tirol-und-vorarlberg-in-den-k-u-k-luftfahrttruppen-bd-3-gebundene-ausgabe-200x300.webp 200w, https:\/\/luftfahrtruppen.at\/wp-content\/uploads\/2024\/10\/flieger-aus-tirol-und-vorarlberg-in-den-k-u-k-luftfahrttruppen-bd-3-gebundene-ausgabe-768x1150.webp 768w, https:\/\/luftfahrtruppen.at\/wp-content\/uploads\/2024\/10\/flieger-aus-tirol-und-vorarlberg-in-den-k-u-k-luftfahrttruppen-bd-3-gebundene-ausgabe-1026x1536.webp 1026w, https:\/\/luftfahrtruppen.at\/wp-content\/uploads\/2024\/10\/flieger-aus-tirol-und-vorarlberg-in-den-k-u-k-luftfahrttruppen-bd-3-gebundene-ausgabe.webp 1336w\" sizes=\"auto, (max-width: 684px) 100vw, 684px\" \/><\/figure>\n<\/div>\n<\/div>\n<\/div>\n\n\n\n<div class=\"wp-block-group alignfull has-global-padding is-layout-constrained wp-container-core-group-is-layout-669513ed wp-block-group-is-layout-constrained\" style=\"margin-top:0;margin-bottom:0;padding-top:var(--wp--preset--spacing--50);padding-right:var(--wp--preset--spacing--50);padding-bottom:var(--wp--preset--spacing--50);padding-left:var(--wp--preset--spacing--50)\">\n<div class=\"wp-block-columns alignwide is-layout-flex wp-container-core-columns-is-layout-1da03c2a wp-block-columns-is-layout-flex\">\n<div class=\"wp-block-column is-vertically-aligned-center is-layout-flow wp-block-column-is-layout-flow\" style=\"flex-basis:50%\">\n<figure class=\"wp-block-image size-large is-style-rounded is-style-rounded--7\"><img loading=\"lazy\" decoding=\"async\" width=\"731\" height=\"1024\" src=\"https:\/\/luftfahrtruppen.at\/wp-content\/uploads\/2024\/10\/6612-731x1024.jpg\" alt=\"\" class=\"wp-image-85\" style=\"aspect-ratio:3\/4;object-fit:cover\" srcset=\"https:\/\/luftfahrtruppen.at\/wp-content\/uploads\/2024\/10\/6612-731x1024.jpg 731w, https:\/\/luftfahrtruppen.at\/wp-content\/uploads\/2024\/10\/6612-214x300.jpg 214w, https:\/\/luftfahrtruppen.at\/wp-content\/uploads\/2024\/10\/6612-768x1076.jpg 768w, https:\/\/luftfahrtruppen.at\/wp-content\/uploads\/2024\/10\/6612.jpg 900w\" sizes=\"auto, (max-width: 731px) 100vw, 731px\" \/><\/figure>\n<\/div>\n\n\n\n<div class=\"wp-block-column is-vertically-aligned-stretch is-layout-flow wp-block-column-is-layout-flow\" style=\"flex-basis:50%\">\n<div class=\"wp-block-group is-vertical is-content-justification-stretch is-layout-flex wp-container-core-group-is-layout-444d5ee8 wp-block-group-is-layout-flex\" style=\"min-height:100%\">\n<p class=\"has-heading-font-family has-x-large-font-size\" style=\"line-height:1.2\">Der finale Band erz\u00e4hlt in \u00fcber 30 neuen Biografien die Geschichte des Luftkriegs in Tirol und der Luffahrtruppen im letzten Kriegsjahr 1918.<\/p>\n\n\n\n<div class=\"wp-block-group has-global-padding is-content-justification-left is-layout-constrained wp-container-core-group-is-layout-9fe8ed88 wp-block-group-is-layout-constrained\">\n<p class=\"wp-container-content-0733e5d0\">Band 4: Feldpiloten, Beobachteroffiziere und Ballonfahrer bis Ende 1917, erscheint im April 2025.<\/p>\n\n\n\n<div class=\"wp-block-buttons is-layout-flex wp-block-buttons-is-layout-flex\">\n<div class=\"wp-block-button has-custom-font-size is-style-outline has-medium-font-size is-style-outline--8\"><a class=\"wp-block-button__link wp-element-button\" href=\"https:\/\/www.uvw.at\/produkt\/6612\/flieger-aus-tirol-und-vorarlberg-in-den-k-u-k-luftahrtruppen-bd-4\/\">Zum Buch beim Universit\u00e4tsverlag Wagner<\/a><\/div>\n<\/div>\n<\/div>\n<\/div>\n<\/div>\n<\/div>\n<\/div>\n\n\n\n<hr class=\"wp-block-separator has-alpha-channel-opacity\"\/>\n\n\n\n<figure class=\"wp-block-pullquote\"><blockquote><p>Die B\u00e4nde sind reich bebildert mit dutzenden, vielfach unbekannten Originalaufnahmen.<\/p><\/blockquote><\/figure>\n\n\n\n<hr class=\"wp-block-separator has-alpha-channel-opacity\"\/>\n\n\n\n<p><\/p>\n","protected":false},"excerpt":{"rendered":"<p>Diese mehrb\u00e4ndige biografische Darstellung der Mitglieder der k.u.k. Luftfahrtruppen aus dem historischen Tirol, das aus den heutigen L\u00e4ndern Tirol, S\u00fcdtirol, Trentino und Vorarlberg bestand, schlie\u00dft eine gro\u00dfe Forschungsl\u00fccke zum Ersten Weltkrieg. Diese Region war nicht nur ein Schauplatz des Luftkrieges, sondern M\u00e4nner aus diesem Kronland dienten in den \u00f6sterreichisch-ungarischen Luftstreitkr\u00e4ften an allen Kriegsschaupl\u00e4tzen. Die meisten [&hellip;]<\/p>\n","protected":false},"author":1,"featured_media":0,"parent":0,"menu_order":0,"comment_status":"closed","ping_status":"closed","template":"","meta":{"footnotes":""},"class_list":["post-15","page","type-page","status-publish","hentry"],"_links":{"self":[{"href":"https:\/\/luftfahrtruppen.at\/index.php?rest_route=\/wp\/v2\/pages\/15","targetHints":{"allow":["GET"]}}],"collection":[{"href":"https:\/\/luftfahrtruppen.at\/index.php?rest_route=\/wp\/v2\/pages"}],"about":[{"href":"https:\/\/luftfahrtruppen.at\/index.php?rest_route=\/wp\/v2\/types\/page"}],"author":[{"embeddable":true,"href":"https:\/\/luftfahrtruppen.at\/index.php?rest_route=\/wp\/v2\/users\/1"}],"replies":[{"embeddable":true,"href":"https:\/\/luftfahrtruppen.at\/index.php?rest_route=%2Fwp%2Fv2%2Fcomments&post=15"}],"version-history":[{"count":11,"href":"https:\/\/luftfahrtruppen.at\/index.php?rest_route=\/wp\/v2\/pages\/15\/revisions"}],"predecessor-version":[{"id":111,"href":"https:\/\/luftfahrtruppen.at\/index.php?rest_route=\/wp\/v2\/pages\/15\/revisions\/111"}],"wp:attachment":[{"href":"https:\/\/luftfahrtruppen.at\/index.php?rest_route=%2Fwp%2Fv2%2Fmedia&parent=15"}],"curies":[{"name":"wp","href":"https:\/\/api.w.org\/{rel}","templated":true}]}}